{"id":145,"date":"2026-04-26T10:09:22","date_gmt":"2026-04-26T08:09:22","guid":{"rendered":"https:\/\/sigmer.dk\/?page_id=145"},"modified":"2026-04-26T10:17:17","modified_gmt":"2026-04-26T08:17:17","slug":"resourcer","status":"publish","type":"page","link":"https:\/\/sigmer.dk\/index.php\/resourcer\/","title":{"rendered":"Ressourcer"},"content":{"rendered":"\n<p><\/p>\n\n\n\n<figure class=\"wp-block-image alignwide size-large\"><img loading=\"lazy\" decoding=\"async\" width=\"1024\" height=\"256\" src=\"https:\/\/sigmer.dk\/wp-content\/uploads\/2026\/04\/IMG20240613110142-2000x1200-2-1024x256.jpg\" alt=\"\" class=\"wp-image-148\" srcset=\"https:\/\/sigmer.dk\/wp-content\/uploads\/2026\/04\/IMG20240613110142-2000x1200-2-1024x256.jpg 1024w, https:\/\/sigmer.dk\/wp-content\/uploads\/2026\/04\/IMG20240613110142-2000x1200-2-300x75.jpg 300w, https:\/\/sigmer.dk\/wp-content\/uploads\/2026\/04\/IMG20240613110142-2000x1200-2-768x192.jpg 768w, https:\/\/sigmer.dk\/wp-content\/uploads\/2026\/04\/IMG20240613110142-2000x1200-2-1536x384.jpg 1536w, https:\/\/sigmer.dk\/wp-content\/uploads\/2026\/04\/IMG20240613110142-2000x1200-2.jpg 2000w\" sizes=\"auto, (max-width: 1024px) 100vw, 1024px\" \/><\/figure>\n\n\n\n<p class=\"has-large-font-size\"><strong>Gr\u00e6ssl\u00e5ning<\/strong><\/p>\n\n\n\n<p><a href=\"https:\/\/brombaerhaven.dk\/wp-content\/uploads\/2025\/03\/Graesslaaning-2025.pdf\">Gr\u00e6ssl\u00e5ning 2025<\/a><br><a href=\"https:\/\/brombaerhaven.dk\/wp-content\/uploads\/2024\/05\/Graesslaaning-2024.pdf\">Gr\u00e6ssl\u00e5ning 2024<\/a><br><a href=\"https:\/\/brombaerhaven.dk\/wp-content\/uploads\/2024\/05\/Graesslaaning-2023-1.pdf\">Gr\u00e6ssl\u00e5ning 2023<\/a><br><a href=\"https:\/\/brombaerhaven.dk\/wp-content\/uploads\/2024\/05\/Graesslaaning-2022.pdf\">Gr\u00e6ssl\u00e5ning 2022<\/a><br><a href=\"https:\/\/brombaerhaven.dk\/wp-content\/uploads\/2024\/05\/Graesslaaning-2021.pdf\">Gr\u00e6ssl\u00e5ning 2021<\/a><br><a href=\"https:\/\/brombaerhaven.dk\/wp-content\/uploads\/2024\/05\/Graesslaaning-2020.pdf\">Gr\u00e6ssl\u00e5ning 2020<\/a><\/p>\n\n\n\n<p><strong>Referater fra Generalforsamlinger<\/strong><\/p>\n\n\n\n<p><a href=\"https:\/\/brombaerhaven.dk\/wp-content\/uploads\/2026\/01\/Referat-GF-november-2025.pdf\">GF 2025<\/a><br><a href=\"https:\/\/brombaerhaven.dk\/wp-content\/uploads\/2024\/11\/Referat-GF-november-2024.pdf\">GF 2024<\/a><br><a href=\"https:\/\/brombaerhaven.dk\/wp-content\/uploads\/2024\/05\/Referat-GF-oktober-2023.pdf\">GF 2023<\/a><br><a href=\"https:\/\/brombaerhaven.dk\/wp-content\/uploads\/2024\/05\/Referat-GF-november-2022.pdf\">GF 2022<\/a><br><a href=\"https:\/\/brombaerhaven.dk\/wp-content\/uploads\/2024\/05\/Referat-GF-oktober-2021.pdf\">GF 2021<\/a><br><a href=\"https:\/\/brombaerhaven.dk\/wp-content\/uploads\/2024\/05\/Referat-GF-oktober-2019.pdf\">GF 2019<\/a><br><a href=\"https:\/\/brombaerhaven.dk\/wp-content\/uploads\/2024\/05\/Brombaerhaven-Referat-fra-GF-november-2018.pdf\">GF 2018<\/a><\/p>\n\n\n\n<p><strong>Regnskaber og Budget<\/strong><\/p>\n\n\n\n<p><a href=\"https:\/\/brombaerhaven.dk\/wp-content\/uploads\/2025\/10\/Godkendt-regnskab-2024-2025.pdf\">Regnskab 2024 \u2013 2025<\/a><\/p>\n\n\n\n<p><a href=\"https:\/\/brombaerhaven.dk\/wp-content\/uploads\/2024\/11\/Budget-2024-2025.pdf\">Budget 2024 \u2013 2025<\/a><br><a href=\"https:\/\/brombaerhaven.dk\/wp-content\/uploads\/2024\/10\/Godkendt-regnskab-2023-2024.pdf\">Regnskab 2023 \u2013 2024<\/a><\/p>\n\n\n\n<p><a href=\"https:\/\/brombaerhaven.dk\/wp-content\/uploads\/2024\/05\/Budget-2023-2024-Forslag.pdf\">Budget 2023 \u2013 2024<\/a><br><a href=\"https:\/\/brombaerhaven.dk\/wp-content\/uploads\/2024\/05\/Godkendt-regnskab-2022-2023-1.pdf\">Regnskab 2022 \u2013 2023<\/a><\/p>\n\n\n\n<p><a href=\"https:\/\/brombaerhaven.dk\/wp-content\/uploads\/2024\/05\/Budget-2022-2023.pdf\">Budget 2022 \u2013 2023<\/a><br><a href=\"https:\/\/brombaerhaven.dk\/wp-content\/uploads\/2024\/05\/Godkendt-regnskab-2021-2022-1.pdf\">Regnskab 2021 \u2013 2022<\/a><\/p>\n\n\n\n<p><a href=\"https:\/\/brombaerhaven.dk\/wp-content\/uploads\/2024\/05\/Budget-2021-2022.pdf\">Budget 2021 \u2013 2022<\/a><br><a href=\"https:\/\/brombaerhaven.dk\/wp-content\/uploads\/2024\/05\/Godkendt-regnskab-2020-2021-1.pdf\">Regnskab 2020 \u2013 2021<\/a><\/p>\n\n\n\n<p><a href=\"https:\/\/brombaerhaven.dk\/wp-content\/uploads\/2024\/05\/BUDGET-2021.pdf\">Budget 2021<\/a><br><a href=\"https:\/\/brombaerhaven.dk\/wp-content\/uploads\/2024\/05\/Godkendt-regnskab-2020-2021-1.pdf\">Regnskab 2020<\/a><\/p>\n\n\n\n<p><a href=\"https:\/\/brombaerhaven.dk\/wp-content\/uploads\/2024\/05\/BUDGET-2020.pdf\">Budget 2020<br><\/a><a href=\"https:\/\/brombaerhaven.dk\/wp-content\/uploads\/2024\/05\/Regnskab-2019.pdf\">Regnskab 2019<\/a><\/p>\n","protected":false},"excerpt":{"rendered":"<p>Gr\u00e6ssl\u00e5ning Gr\u00e6ssl\u00e5ning 2025Gr\u00e6ssl\u00e5ning 2024Gr\u00e6ssl\u00e5ning 2023Gr\u00e6ssl\u00e5ning 2022Gr\u00e6ssl\u00e5ning 2021Gr\u00e6ssl\u00e5ning 2020 Referater fra Generalforsamlinger GF 2025GF 2024GF 2023GF 2022GF 2021GF 2019GF 2018 Regnskaber og Budget Regnskab 2024 \u2013 2025 Budget 2024 \u2013 2025Regnskab 2023 \u2013 2024 Budget 2023 \u2013 2024Regnskab 2022 \u2013 2023 Budget 2022 \u2013 2023Regnskab 2021 \u2013 2022 Budget 2021 \u2013 2022Regnskab 2020 \u2013 2021 Budget [&hellip;]<\/p>\n","protected":false},"author":1,"featured_media":148,"parent":0,"menu_order":0,"comment_status":"closed","ping_status":"closed","template":"page-no-title","meta":{"footnotes":""},"class_list":["post-145","page","type-page","status-publish","has-post-thumbnail","hentry"],"rttpg_featured_image_url":{"full":["https:\/\/sigmer.dk\/wp-content\/uploads\/2026\/04\/IMG20240613110142-2000x1200-2.jpg",2000,500,false],"landscape":["https:\/\/sigmer.dk\/wp-content\/uploads\/2026\/04\/IMG20240613110142-2000x1200-2.jpg",2000,500,false],"portraits":["https:\/\/sigmer.dk\/wp-content\/uploads\/2026\/04\/IMG20240613110142-2000x1200-2.jpg",2000,500,false],"thumbnail":["https:\/\/sigmer.dk\/wp-content\/uploads\/2026\/04\/IMG20240613110142-2000x1200-2-150x150.jpg",150,150,true],"medium":["https:\/\/sigmer.dk\/wp-content\/uploads\/2026\/04\/IMG20240613110142-2000x1200-2-300x75.jpg",300,75,true],"large":["https:\/\/sigmer.dk\/wp-content\/uploads\/2026\/04\/IMG20240613110142-2000x1200-2-1024x256.jpg",1024,256,true],"1536x1536":["https:\/\/sigmer.dk\/wp-content\/uploads\/2026\/04\/IMG20240613110142-2000x1200-2-1536x384.jpg",1536,384,true],"2048x2048":["https:\/\/sigmer.dk\/wp-content\/uploads\/2026\/04\/IMG20240613110142-2000x1200-2.jpg",2000,500,false]},"rttpg_author":{"display_name":"carsten@sigmer.dk","author_link":"https:\/\/sigmer.dk\/index.php\/author\/carstensigmer-dk\/"},"rttpg_comment":0,"rttpg_category":null,"rttpg_excerpt":"Gr\u00e6ssl\u00e5ning Gr\u00e6ssl\u00e5ning 2025Gr\u00e6ssl\u00e5ning 2024Gr\u00e6ssl\u00e5ning 2023Gr\u00e6ssl\u00e5ning 2022Gr\u00e6ssl\u00e5ning 2021Gr\u00e6ssl\u00e5ning 2020 Referater fra Generalforsamlinger GF 2025GF 2024GF 2023GF 2022GF 2021GF 2019GF 2018 Regnskaber og Budget Regnskab 2024 \u2013 2025 Budget 2024 \u2013 2025Regnskab 2023 \u2013 2024 Budget 2023 \u2013 2024Regnskab 2022 \u2013 2023 Budget 2022 \u2013 2023Regnskab 2021 \u2013 2022 Budget 2021 \u2013 2022Regnskab 2020 \u2013 2021 Budget&hellip;","_links":{"self":[{"href":"https:\/\/sigmer.dk\/index.php\/wp-json\/wp\/v2\/pages\/145","targetHints":{"allow":["GET"]}}],"collection":[{"href":"https:\/\/sigmer.dk\/index.php\/wp-json\/wp\/v2\/pages"}],"about":[{"href":"https:\/\/sigmer.dk\/index.php\/wp-json\/wp\/v2\/types\/page"}],"author":[{"embeddable":true,"href":"https:\/\/sigmer.dk\/index.php\/wp-json\/wp\/v2\/users\/1"}],"replies":[{"embeddable":true,"href":"https:\/\/sigmer.dk\/index.php\/wp-json\/wp\/v2\/comments?post=145"}],"version-history":[{"count":7,"href":"https:\/\/sigmer.dk\/index.php\/wp-json\/wp\/v2\/pages\/145\/revisions"}],"predecessor-version":[{"id":154,"href":"https:\/\/sigmer.dk\/index.php\/wp-json\/wp\/v2\/pages\/145\/revisions\/154"}],"wp:featuredmedia":[{"embeddable":true,"href":"https:\/\/sigmer.dk\/index.php\/wp-json\/wp\/v2\/media\/148"}],"wp:attachment":[{"href":"https:\/\/sigmer.dk\/index.php\/wp-json\/wp\/v2\/media?parent=145"}],"curies":[{"name":"wp","href":"https:\/\/api.w.org\/{rel}","templated":true}]}}