{"id":21,"date":"2026-04-04T00:02:54","date_gmt":"2026-04-03T22:02:54","guid":{"rendered":"https:\/\/sigmer.dk\/?page_id=21"},"modified":"2026-04-05T09:29:44","modified_gmt":"2026-04-05T07:29:44","slug":"21-2","status":"publish","type":"page","link":"https:\/\/sigmer.dk\/index.php\/21-2\/","title":{"rendered":"Om foreningen"},"content":{"rendered":"\n<hr class=\"wp-block-separator has-alpha-channel-opacity\"\/>\n\n\n\n<figure class=\"wp-block-image alignwide size-large\"><img loading=\"lazy\" decoding=\"async\" width=\"1024\" height=\"256\" src=\"https:\/\/sigmer.dk\/wp-content\/uploads\/2026\/04\/IMG20240613105953-2000x1200-1-1024x256.jpg\" alt=\"\" class=\"wp-image-20\" srcset=\"https:\/\/sigmer.dk\/wp-content\/uploads\/2026\/04\/IMG20240613105953-2000x1200-1-1024x256.jpg 1024w, https:\/\/sigmer.dk\/wp-content\/uploads\/2026\/04\/IMG20240613105953-2000x1200-1-300x75.jpg 300w, https:\/\/sigmer.dk\/wp-content\/uploads\/2026\/04\/IMG20240613105953-2000x1200-1-768x192.jpg 768w, https:\/\/sigmer.dk\/wp-content\/uploads\/2026\/04\/IMG20240613105953-2000x1200-1-1536x384.jpg 1536w, https:\/\/sigmer.dk\/wp-content\/uploads\/2026\/04\/IMG20240613105953-2000x1200-1.jpg 2000w\" sizes=\"auto, (max-width: 1024px) 100vw, 1024px\" \/><\/figure>\n\n\n\n<div class=\"wp-block-group alignwide has-global-padding is-layout-constrained wp-container-core-group-is-layout-12243e0f wp-block-group-is-layout-constrained\">\n<p>Beboerforeningen Bromb\u00e6rhaven blev stiftet i 1997 af en r\u00e6kke beboere. <\/p>\n<\/div>\n\n\n\n<div class=\"wp-block-group alignwide has-global-padding is-layout-constrained wp-container-core-group-is-layout-12243e0f wp-block-group-is-layout-constrained\">\n<p>Form\u00e5let med beboerforeningen \u201cBromb\u00e6rhaven\u201d er at koordinere diverse aktiviteter til gavn for medlemmerne, samt at varetage foreningens interesser overfor offentlige myndigheder. Det betyder at vi f\u00f8rst og fremmest koordinerer snerydning, samt vedligeholdelse af f\u00e6llesarealer.<\/p>\n\n\n\n<p><\/p>\n<\/div>\n","protected":false},"excerpt":{"rendered":"<p>Beboerforeningen Bromb\u00e6rhaven blev stiftet i 1997 af en r\u00e6kke beboere. Form\u00e5let med beboerforeningen \u201cBromb\u00e6rhaven\u201d er at koordinere diverse aktiviteter til gavn for medlemmerne, samt at varetage foreningens interesser overfor offentlige myndigheder. Det betyder at vi f\u00f8rst og fremmest koordinerer snerydning, samt vedligeholdelse af f\u00e6llesarealer.<\/p>\n","protected":false},"author":1,"featured_media":0,"parent":0,"menu_order":0,"comment_status":"closed","ping_status":"closed","template":"page-no-title","meta":{"footnotes":""},"class_list":["post-21","page","type-page","status-publish","hentry"],"rttpg_featured_image_url":null,"rttpg_author":{"display_name":"carsten@sigmer.dk","author_link":"https:\/\/sigmer.dk\/index.php\/author\/carstensigmer-dk\/"},"rttpg_comment":0,"rttpg_category":null,"rttpg_excerpt":"Beboerforeningen Bromb\u00e6rhaven blev stiftet i 1997 af en r\u00e6kke beboere. Form\u00e5let med beboerforeningen \u201cBromb\u00e6rhaven\u201d er at koordinere diverse aktiviteter til gavn for medlemmerne, samt at varetage foreningens interesser overfor offentlige myndigheder. Det betyder at vi f\u00f8rst og fremmest koordinerer snerydning, samt vedligeholdelse af f\u00e6llesarealer.","_links":{"self":[{"href":"https:\/\/sigmer.dk\/index.php\/wp-json\/wp\/v2\/pages\/21","targetHints":{"allow":["GET"]}}],"collection":[{"href":"https:\/\/sigmer.dk\/index.php\/wp-json\/wp\/v2\/pages"}],"about":[{"href":"https:\/\/sigmer.dk\/index.php\/wp-json\/wp\/v2\/types\/page"}],"author":[{"embeddable":true,"href":"https:\/\/sigmer.dk\/index.php\/wp-json\/wp\/v2\/users\/1"}],"replies":[{"embeddable":true,"href":"https:\/\/sigmer.dk\/index.php\/wp-json\/wp\/v2\/comments?post=21"}],"version-history":[{"count":10,"href":"https:\/\/sigmer.dk\/index.php\/wp-json\/wp\/v2\/pages\/21\/revisions"}],"predecessor-version":[{"id":63,"href":"https:\/\/sigmer.dk\/index.php\/wp-json\/wp\/v2\/pages\/21\/revisions\/63"}],"wp:attachment":[{"href":"https:\/\/sigmer.dk\/index.php\/wp-json\/wp\/v2\/media?parent=21"}],"curies":[{"name":"wp","href":"https:\/\/api.w.org\/{rel}","templated":true}]}}