{"id":65,"date":"2026-04-06T14:19:44","date_gmt":"2026-04-06T12:19:44","guid":{"rendered":"https:\/\/sigmer.dk\/?page_id=65"},"modified":"2026-04-18T16:07:22","modified_gmt":"2026-04-18T14:07:22","slug":"blog-test","status":"publish","type":"page","link":"https:\/\/sigmer.dk\/index.php\/blog-test\/","title":{"rendered":"Nyheder"},"content":{"rendered":"\n<hr class=\"wp-block-separator has-alpha-channel-opacity\"\/>\n\n\n\t\t<div class=\"rttpg-block-postgrid rttpg-block-wrapper rttpg-block-30fc0e alignwide tpg-filter-type-dropdown meta-visibility-show section-title-style-style1 img_hover_animation_default title-default title_position_default title_hover_border_default meta_position_default tpg-is-author-icon-default author-image-visibility-icon tpg-category-position-default readmore-btn-default-style grid-hover-overlay-type-always grid-hover-overlay-height-default hover-overlay-height-default tpg-title-border-default filter-nex-prev-btn-visible tpg-cat-style1 slider-scroll-hide act-label-style-inline\">\n\t\t\t<div class=\"rt-container-fluid rt-tpg-container tpg-el-main-wrapper tpg-gutenberg clearfix list-layout1-main\"\n\t\t\t\t id=\"rt-tpg-container-3426189547\"\n\t\t\t\t data-layout=\"list-layout1\"\n\t\t\t\t data-grid-style=\"tpg-even\" data-sc-id=\"elementor\"\n\t\t\t\t data-el-settings=''\n\t\t\t\t data-el-query=''\n\t\t\t\t data-el-path=''>\n\t\t\t\t\t\t\t\t\t<div id=\"bottom-script-loader\" class=\"bottom-script-loader\">\n\t\t\t\t\t\t<div class=\"rt-ball-clip-rotate\">\n\t\t\t\t\t\t\t<div><\/div>\n\t\t\t\t\t\t<\/div>\n\t\t\t\t\t<\/div>\n\t\t\t\t\t\t\t\t\t<div class='tpg-header-wrapper '>\n\t\t\t\t\t\t\t\t\t<\/div>\n\t\t\t\t<div class=\"rt-row rt-content-loader gutenberg-inner list-layout1 tpg-even list-behaviour list-layout-wrapper\">\n\t\t\t\t\t\n<div class=\"rt-col-md-12 rt-col-sm-12 rt-col-xs-12 default rt-list-item rt-grid-item\" data-id=\"89\">\n\t<div class=\"rt-holder tpg-post-holder \">\n\t\t<div class=\"rt-detail rt-el-content-wrapper\">\n\t\t\t\t\t\t\t<div class=\"rt-img-holder tpg-el-image-wrap has-thumbnail\">\n\t\t\t\t\t<a data-id=\"89\" href=\"https:\/\/sigmer.dk\/index.php\/2026\/04\/06\/meddelelse\/\" class=\"tpg-post-link\" target=\"_self\">                        <img loading=\"lazy\" decoding=\"async\" src=\"https:\/\/sigmer.dk\/wp-content\/uploads\/2026\/04\/BhavenLogo--300x300.png\"\n                             class=\"rt-img-responsive\"\n                             width=\"300\"\n                             height=\"300\"\n                             alt=\"Meddelelse\">\n                        \n                            \n        <\/a>\n                <div class=\"overlay grid-hover-content\"><\/div>\n        \t\t\t\t<\/div>\n\t\t\t\n\t\t\t<div class=\"post-right-content\">\n\n\t\t\t\t<div class=\"entry-title-wrapper\"><h3 class=\"entry-title\"><a data-id=\"89\" href=\"https:\/\/sigmer.dk\/index.php\/2026\/04\/06\/meddelelse\/\" class=\"tpg-post-link\" target=\"_self\">Meddelelse<\/a><\/h3><\/div>\n\t\t\t\t\t\t\t\t\t<div class=\"post-meta-tags rt-el-post-meta\">\n\t\t\t\t\t\t            <span class='categories-links'>\n\t\t\t\t<i class='flaticon-folder '><\/i><a class=\"meddelelser\" href=\"https:\/\/sigmer.dk\/index.php\/category\/meddelelser\/\">Meddelelser<\/a>\t\t\t<\/span>\n                        <span class='date'>\n\t\t\t\t<i class='flaticon-calendar '><\/i>                                    <a href=\"https:\/\/sigmer.dk\/index.php\/2026\/04\/06\/\">\n\t\t\t\t\t6. april 2026\t\t\t\t<\/a>\n                \t\t\t<\/span>\n                        <span class='post-tags-links'>\n\t\t\t\t<i class='flaticon-tag '><\/i><a class=\"generalforsamling\" href=\"https:\/\/sigmer.dk\/index.php\/tag\/generalforsamling\/\">Generalforsamling<\/a>\t\t\t<\/span>\n            \t\t\t\t\t<\/div>\n\t\t\t\t\n\t\t\t\t\t\t\t\t\t<div class=\"tpg-excerpt tpg-el-excerpt\">\n\t\t\t\t\t\t\t\t\t\t\t\t\t<div class=\"tpg-excerpt-inner\">\n\t\t\t\t\t\t\t\tK\u00e6re alle, Vores vedt\u00e6gter foreskriver at vi afholder Generalforsamling i september m\u00e5ned, med en indkaldelse mindst 1 m\u00e5ned f\u00f8r (\u00a75). Da vi ikke har kunnet finde et lokale inden for en rimelig&#8230;\t\t\t\t\t\t\t<\/div>\n\t\t\t\t\t\t\t\t\t\t\t\t\t\t\t\t\t<\/div>\n\t\t\t\t\n\t\t\t\t        <div class=\"post-footer\">\n            <div class=\"post-footer\">\n                <div class=\"read-more\">\n                    <a data-id=\"89\" href=\"https:\/\/sigmer.dk\/index.php\/2026\/04\/06\/meddelelse\/\" class=\"tpg-post-link\" target=\"_self\">L\u00e6s mere&#8230;<i class='left-icon flaticon-right-arrow right-icon'><\/i><\/a>                <\/div>\n            <\/div>\n        <\/div>\n        \t\t\t<\/div>\n\n\t\t<\/div>\n\t<\/div>\n<\/div>\n<div class=\"rt-col-md-12 rt-col-sm-12 rt-col-xs-12 default rt-list-item rt-grid-item\" data-id=\"72\">\n\t<div class=\"rt-holder tpg-post-holder \">\n\t\t<div class=\"rt-detail rt-el-content-wrapper\">\n\t\t\t\t\t\t\t<div class=\"rt-img-holder tpg-el-image-wrap has-thumbnail\">\n\t\t\t\t\t<a data-id=\"72\" href=\"https:\/\/sigmer.dk\/index.php\/2026\/04\/06\/arbejdsdag\/\" class=\"tpg-post-link\" target=\"_self\">                        <img loading=\"lazy\" decoding=\"async\" src=\"https:\/\/sigmer.dk\/wp-content\/uploads\/2026\/04\/IMG20240613105953-2000x1200-1-300x75.jpg\"\n                             class=\"rt-img-responsive\"\n                             width=\"300\"\n                             height=\"75\"\n                             alt=\"Arbejdsdag\">\n                        \n                            \n        <\/a>\n                <div class=\"overlay grid-hover-content\"><\/div>\n        \t\t\t\t<\/div>\n\t\t\t\n\t\t\t<div class=\"post-right-content\">\n\n\t\t\t\t<div class=\"entry-title-wrapper\"><h3 class=\"entry-title\"><a data-id=\"72\" href=\"https:\/\/sigmer.dk\/index.php\/2026\/04\/06\/arbejdsdag\/\" class=\"tpg-post-link\" target=\"_self\">Arbejdsdag<\/a><\/h3><\/div>\n\t\t\t\t\t\t\t\t\t<div class=\"post-meta-tags rt-el-post-meta\">\n\t\t\t\t\t\t            <span class='categories-links'>\n\t\t\t\t<i class='flaticon-folder '><\/i><a class=\"indbydelser\" href=\"https:\/\/sigmer.dk\/index.php\/category\/indbydelser\/\">Indbydelser<\/a>\t\t\t<\/span>\n                        <span class='date'>\n\t\t\t\t<i class='flaticon-calendar '><\/i>                                    <a href=\"https:\/\/sigmer.dk\/index.php\/2026\/04\/06\/\">\n\t\t\t\t\t6. april 2026\t\t\t\t<\/a>\n                \t\t\t<\/span>\n                        <span class='post-tags-links'>\n\t\t\t\t<i class='flaticon-tag '><\/i><a class=\"arbejdsdag\" href=\"https:\/\/sigmer.dk\/index.php\/tag\/arbejdsdag\/\">Arbejdsdag<\/a>\t\t\t<\/span>\n            \t\t\t\t\t<\/div>\n\t\t\t\t\n\t\t\t\t\t\t\t\t\t<div class=\"tpg-excerpt tpg-el-excerpt\">\n\t\t\t\t\t\t\t\t\t\t\t\t\t<div class=\"tpg-excerpt-inner\">\n\t\t\t\t\t\t\t\tK\u00e6re beboere, Hermed den l\u00e6nge ventede gr\u00e6ssl\u00e5nings liste for Bromb\u00e6rhaven. For at undg\u00e5 at beboere med en robot kommer p\u00e5 listen, har vi brugt jeres input fra den tidligere survey, s\u00e5ledes at det&#8230;\t\t\t\t\t\t\t<\/div>\n\t\t\t\t\t\t\t\t\t\t\t\t\t\t\t\t\t<\/div>\n\t\t\t\t\n\t\t\t\t        <div class=\"post-footer\">\n            <div class=\"post-footer\">\n                <div class=\"read-more\">\n                    <a data-id=\"72\" href=\"https:\/\/sigmer.dk\/index.php\/2026\/04\/06\/arbejdsdag\/\" class=\"tpg-post-link\" target=\"_self\">L\u00e6s mere&#8230;<i class='left-icon flaticon-right-arrow right-icon'><\/i><\/a>                <\/div>\n            <\/div>\n        <\/div>\n        \t\t\t<\/div>\n\n\t\t<\/div>\n\t<\/div>\n<\/div>\n<div class=\"rt-col-md-12 rt-col-sm-12 rt-col-xs-12 default rt-list-item rt-grid-item\" data-id=\"67\">\n\t<div class=\"rt-holder tpg-post-holder \">\n\t\t<div class=\"rt-detail rt-el-content-wrapper\">\n\t\t\t\t\t\t\t<div class=\"rt-img-holder tpg-el-image-wrap has-thumbnail\">\n\t\t\t\t\t<a data-id=\"67\" href=\"https:\/\/sigmer.dk\/index.php\/2026\/04\/06\/indbydelse\/\" class=\"tpg-post-link\" target=\"_self\">                        <img loading=\"lazy\" decoding=\"async\" src=\"https:\/\/sigmer.dk\/wp-content\/uploads\/2026\/04\/a895e78d-af43-4a92-8c21-82d497e42810-300x200.png\"\n                             class=\"rt-img-responsive\"\n                             width=\"300\"\n                             height=\"200\"\n                             alt=\"Indbydelse\">\n                        \n                            \n        <\/a>\n                <div class=\"overlay grid-hover-content\"><\/div>\n        \t\t\t\t<\/div>\n\t\t\t\n\t\t\t<div class=\"post-right-content\">\n\n\t\t\t\t<div class=\"entry-title-wrapper\"><h3 class=\"entry-title\"><a data-id=\"67\" href=\"https:\/\/sigmer.dk\/index.php\/2026\/04\/06\/indbydelse\/\" class=\"tpg-post-link\" target=\"_self\">Indbydelse<\/a><\/h3><\/div>\n\t\t\t\t\t\t\t\t\t<div class=\"post-meta-tags rt-el-post-meta\">\n\t\t\t\t\t\t            <span class='categories-links'>\n\t\t\t\t<i class='flaticon-folder '><\/i><a class=\"indbydelser\" href=\"https:\/\/sigmer.dk\/index.php\/category\/indbydelser\/\">Indbydelser<\/a>\t\t\t<\/span>\n                        <span class='date'>\n\t\t\t\t<i class='flaticon-calendar '><\/i>                                    <a href=\"https:\/\/sigmer.dk\/index.php\/2026\/04\/06\/\">\n\t\t\t\t\t6. april 2026\t\t\t\t<\/a>\n                \t\t\t<\/span>\n                        <span class='post-tags-links'>\n\t\t\t\t<i class='flaticon-tag '><\/i><a class=\"generalforsamling\" href=\"https:\/\/sigmer.dk\/index.php\/tag\/generalforsamling\/\">Generalforsamling<\/a>\t\t\t<\/span>\n            \t\t\t\t\t<\/div>\n\t\t\t\t\n\t\t\t\t\t\t\t\t\t<div class=\"tpg-excerpt tpg-el-excerpt\">\n\t\t\t\t\t\t\t\t\t\t\t\t\t<div class=\"tpg-excerpt-inner\">\n\t\t\t\t\t\t\t\tK\u00e6re alle, Hermed indkaldelse til Generalforsamling, som afholdes den&nbsp;20 november 2025&nbsp;i \u2018Hundehuset\u2019. Bem\u00e6rk at tilmelding er n\u00f8dvendig, senest den&nbsp;5 november 2025 Se indkaldelse her&#8230;\t\t\t\t\t\t\t<\/div>\n\t\t\t\t\t\t\t\t\t\t\t\t\t\t\t\t\t<\/div>\n\t\t\t\t\n\t\t\t\t        <div class=\"post-footer\">\n            <div class=\"post-footer\">\n                <div class=\"read-more\">\n                    <a data-id=\"67\" href=\"https:\/\/sigmer.dk\/index.php\/2026\/04\/06\/indbydelse\/\" class=\"tpg-post-link\" target=\"_self\">L\u00e6s mere&#8230;<i class='left-icon flaticon-right-arrow right-icon'><\/i><\/a>                <\/div>\n            <\/div>\n        <\/div>\n        \t\t\t<\/div>\n\n\t\t<\/div>\n\t<\/div>\n<\/div>\n<div class=\"rt-col-md-12 rt-col-sm-12 rt-col-xs-12 default rt-list-item rt-grid-item\" data-id=\"1\">\n\t<div class=\"rt-holder tpg-post-holder \">\n\t\t<div class=\"rt-detail rt-el-content-wrapper\">\n\t\t\t\t\t\t\t<div class=\"rt-img-holder tpg-el-image-wrap has-no-thumbnail\">\n\t\t\t\t\t<a data-id=\"1\" href=\"https:\/\/sigmer.dk\/index.php\/2026\/04\/03\/hej-verden\/\" class=\"tpg-post-link\" target=\"_self\">        \n        <\/a>\n                <div class=\"overlay grid-hover-content\"><\/div>\n        \t\t\t\t<\/div>\n\t\t\t\n\t\t\t<div class=\"post-right-content\">\n\n\t\t\t\t<div class=\"entry-title-wrapper\"><h3 class=\"entry-title\"><a data-id=\"1\" href=\"https:\/\/sigmer.dk\/index.php\/2026\/04\/03\/hej-verden\/\" class=\"tpg-post-link\" target=\"_self\">Hej verden!<\/a><\/h3><\/div>\n\t\t\t\t\t\t\t\t\t<div class=\"post-meta-tags rt-el-post-meta\">\n\t\t\t\t\t\t            <span class='categories-links'>\n\t\t\t\t<i class='flaticon-folder '><\/i><a class=\"ikke-kategoriseret\" href=\"https:\/\/sigmer.dk\/index.php\/category\/ikke-kategoriseret\/\">Ikke-kategoriseret<\/a>\t\t\t<\/span>\n                        <span class='date'>\n\t\t\t\t<i class='flaticon-calendar '><\/i>                                    <a href=\"https:\/\/sigmer.dk\/index.php\/2026\/04\/03\/\">\n\t\t\t\t\t3. april 2026\t\t\t\t<\/a>\n                \t\t\t<\/span>\n            \t\t\t\t\t<\/div>\n\t\t\t\t\n\t\t\t\t\t\t\t\t\t<div class=\"tpg-excerpt tpg-el-excerpt\">\n\t\t\t\t\t\t\t\t\t\t\t\t\t<div class=\"tpg-excerpt-inner\">\n\t\t\t\t\t\t\t\tDette er blot en test&#8230;\t\t\t\t\t\t\t<\/div>\n\t\t\t\t\t\t\t\t\t\t\t\t\t\t\t\t\t<\/div>\n\t\t\t\t\n\t\t\t\t        <div class=\"post-footer\">\n            <div class=\"post-footer\">\n                <div class=\"read-more\">\n                    <a data-id=\"1\" href=\"https:\/\/sigmer.dk\/index.php\/2026\/04\/03\/hej-verden\/\" class=\"tpg-post-link\" target=\"_self\">L\u00e6s mere&#8230;<i class='left-icon flaticon-right-arrow right-icon'><\/i><\/a>                <\/div>\n            <\/div>\n        <\/div>\n        \t\t\t<\/div>\n\n\t\t<\/div>\n\t<\/div>\n<\/div>\t\t\t\t<\/div>\n\n\t\t\t\t\n\t\t\t<\/div>\n\t\t<\/div>\n\t\t\n\n\n<hr class=\"wp-block-separator has-alpha-channel-opacity\"\/>\n\n\n\t\t<div class=\"rttpg-block-postgrid rttpg-block-wrapper rttpg-block-f2588a alignwide tpg-filter-type-dropdown meta-visibility-show section-title-style-style1 img_hover_animation_default title-default title_position_default title_hover_border_default meta_position_default tpg-is-author-icon-default author-image-visibility-icon tpg-category-position-default readmore-btn-default-style grid-hover-overlay-type-always grid-hover-overlay-height-default hover-overlay-height-default tpg-title-border-default filter-nex-prev-btn-visible tpg-cat-style1 slider-scroll-hide act-label-style-inline\">\n\t\t\t<div class=\"rt-container-fluid rt-tpg-container tpg-el-main-wrapper tpg-gutenberg clearfix list-layout1-main\"\n\t\t\t\t id=\"rt-tpg-container-2093579084\"\n\t\t\t\t data-layout=\"list-layout1\"\n\t\t\t\t data-grid-style=\"tpg-even\" data-sc-id=\"elementor\"\n\t\t\t\t data-el-settings=''\n\t\t\t\t data-el-query=''\n\t\t\t\t data-el-path=''>\n\t\t\t\t\t\t\t\t\t<div id=\"bottom-script-loader\" class=\"bottom-script-loader\">\n\t\t\t\t\t\t<div class=\"rt-ball-clip-rotate\">\n\t\t\t\t\t\t\t<div><\/div>\n\t\t\t\t\t\t<\/div>\n\t\t\t\t\t<\/div>\n\t\t\t\t\t\t\t\t\t<div class='tpg-header-wrapper '>\n\t\t\t\t\t\t\t\t\t<\/div>\n\t\t\t\t<div class=\"rt-row rt-content-loader gutenberg-inner list-layout1 tpg-even list-behaviour list-layout-wrapper\">\n\t\t\t\t\t\n<div class=\"rt-col-md-12 rt-col-sm-12 rt-col-xs-12 default rt-list-item rt-grid-item\" data-id=\"89\">\n\t<div class=\"rt-holder tpg-post-holder \">\n\t\t<div class=\"rt-detail rt-el-content-wrapper\">\n\t\t\t\n\t\t\t<div class=\"post-right-content\">\n\n\t\t\t\t<div class=\"entry-title-wrapper\"><h3 class=\"entry-title\"><a data-id=\"89\" href=\"https:\/\/sigmer.dk\/index.php\/2026\/04\/06\/meddelelse\/\" class=\"tpg-post-link\" target=\"_self\">Meddelelse<\/a><\/h3><\/div>\n\t\t\t\t\t\t\t\t\t<div class=\"post-meta-tags rt-el-post-meta\">\n\t\t\t\t\t\t            <span class='author '>\n\n\t\t\t\t<i class='flaticon-user '><\/i><span class='author-prefix'>By<\/span><a href=\"https:\/\/sigmer.dk\/index.php\/author\/carstensigmer-dk\/\">carsten@sigmer.dk<\/a>\t\t\t<\/span>\n                        <span class='categories-links'>\n\t\t\t\t<i class='flaticon-folder '><\/i><a class=\"meddelelser\" href=\"https:\/\/sigmer.dk\/index.php\/category\/meddelelser\/\">Meddelelser<\/a>\t\t\t<\/span>\n                        <span class='date'>\n\t\t\t\t<i class='flaticon-calendar '><\/i>                                    <a href=\"https:\/\/sigmer.dk\/index.php\/2026\/04\/06\/\">\n\t\t\t\t\t6. april 2026\t\t\t\t<\/a>\n                \t\t\t<\/span>\n            \t\t\t\t\t<\/div>\n\t\t\t\t\n\t\t\t\t\t\t\t\t\t<div class=\"tpg-excerpt tpg-el-excerpt\">\n\t\t\t\t\t\t\t\t\t\t\t\t\t<div class=\"tpg-excerpt-inner\">\n\t\t\t\t\t\t\t\tK\u00e6re alle, Vores vedt\u00e6gter foreskriver at vi afholder Generalforsamling i september m\u00e5ned, med en&#8230;\t\t\t\t\t\t\t<\/div>\n\t\t\t\t\t\t\t\t\t\t\t\t\t\t\t\t\t<\/div>\n\t\t\t\t\n\t\t\t\t        <div class=\"post-footer\">\n            <div class=\"post-footer\">\n                <div class=\"read-more\">\n                    <a data-id=\"89\" href=\"https:\/\/sigmer.dk\/index.php\/2026\/04\/06\/meddelelse\/\" class=\"tpg-post-link\" target=\"_self\">L\u00e6s mere<\/a>                <\/div>\n            <\/div>\n        <\/div>\n        \t\t\t<\/div>\n\n\t\t<\/div>\n\t<\/div>\n<\/div>\n<div class=\"rt-col-md-12 rt-col-sm-12 rt-col-xs-12 default rt-list-item rt-grid-item\" data-id=\"72\">\n\t<div class=\"rt-holder tpg-post-holder \">\n\t\t<div class=\"rt-detail rt-el-content-wrapper\">\n\t\t\t\n\t\t\t<div class=\"post-right-content\">\n\n\t\t\t\t<div class=\"entry-title-wrapper\"><h3 class=\"entry-title\"><a data-id=\"72\" href=\"https:\/\/sigmer.dk\/index.php\/2026\/04\/06\/arbejdsdag\/\" class=\"tpg-post-link\" target=\"_self\">Arbejdsdag<\/a><\/h3><\/div>\n\t\t\t\t\t\t\t\t\t<div class=\"post-meta-tags rt-el-post-meta\">\n\t\t\t\t\t\t            <span class='author '>\n\n\t\t\t\t<i class='flaticon-user '><\/i><span class='author-prefix'>By<\/span><a href=\"https:\/\/sigmer.dk\/index.php\/author\/carstensigmer-dk\/\">carsten@sigmer.dk<\/a>\t\t\t<\/span>\n                        <span class='categories-links'>\n\t\t\t\t<i class='flaticon-folder '><\/i><a class=\"indbydelser\" href=\"https:\/\/sigmer.dk\/index.php\/category\/indbydelser\/\">Indbydelser<\/a>\t\t\t<\/span>\n                        <span class='date'>\n\t\t\t\t<i class='flaticon-calendar '><\/i>                                    <a href=\"https:\/\/sigmer.dk\/index.php\/2026\/04\/06\/\">\n\t\t\t\t\t6. april 2026\t\t\t\t<\/a>\n                \t\t\t<\/span>\n            \t\t\t\t\t<\/div>\n\t\t\t\t\n\t\t\t\t\t\t\t\t\t<div class=\"tpg-excerpt tpg-el-excerpt\">\n\t\t\t\t\t\t\t\t\t\t\t\t\t<div class=\"tpg-excerpt-inner\">\n\t\t\t\t\t\t\t\tK\u00e6re beboere, Hermed den l\u00e6nge ventede gr\u00e6ssl\u00e5nings liste for Bromb\u00e6rhaven. For at undg\u00e5 at beboere&#8230;\t\t\t\t\t\t\t<\/div>\n\t\t\t\t\t\t\t\t\t\t\t\t\t\t\t\t\t<\/div>\n\t\t\t\t\n\t\t\t\t        <div class=\"post-footer\">\n            <div class=\"post-footer\">\n                <div class=\"read-more\">\n                    <a data-id=\"72\" href=\"https:\/\/sigmer.dk\/index.php\/2026\/04\/06\/arbejdsdag\/\" class=\"tpg-post-link\" target=\"_self\">L\u00e6s mere<\/a>                <\/div>\n            <\/div>\n        <\/div>\n        \t\t\t<\/div>\n\n\t\t<\/div>\n\t<\/div>\n<\/div>\n<div class=\"rt-col-md-12 rt-col-sm-12 rt-col-xs-12 default rt-list-item rt-grid-item\" data-id=\"67\">\n\t<div class=\"rt-holder tpg-post-holder \">\n\t\t<div class=\"rt-detail rt-el-content-wrapper\">\n\t\t\t\n\t\t\t<div class=\"post-right-content\">\n\n\t\t\t\t<div class=\"entry-title-wrapper\"><h3 class=\"entry-title\"><a data-id=\"67\" href=\"https:\/\/sigmer.dk\/index.php\/2026\/04\/06\/indbydelse\/\" class=\"tpg-post-link\" target=\"_self\">Indbydelse<\/a><\/h3><\/div>\n\t\t\t\t\t\t\t\t\t<div class=\"post-meta-tags rt-el-post-meta\">\n\t\t\t\t\t\t            <span class='author '>\n\n\t\t\t\t<i class='flaticon-user '><\/i><span class='author-prefix'>By<\/span><a href=\"https:\/\/sigmer.dk\/index.php\/author\/carstensigmer-dk\/\">carsten@sigmer.dk<\/a>\t\t\t<\/span>\n                        <span class='categories-links'>\n\t\t\t\t<i class='flaticon-folder '><\/i><a class=\"indbydelser\" href=\"https:\/\/sigmer.dk\/index.php\/category\/indbydelser\/\">Indbydelser<\/a>\t\t\t<\/span>\n                        <span class='date'>\n\t\t\t\t<i class='flaticon-calendar '><\/i>                                    <a href=\"https:\/\/sigmer.dk\/index.php\/2026\/04\/06\/\">\n\t\t\t\t\t6. april 2026\t\t\t\t<\/a>\n                \t\t\t<\/span>\n            \t\t\t\t\t<\/div>\n\t\t\t\t\n\t\t\t\t\t\t\t\t\t<div class=\"tpg-excerpt tpg-el-excerpt\">\n\t\t\t\t\t\t\t\t\t\t\t\t\t<div class=\"tpg-excerpt-inner\">\n\t\t\t\t\t\t\t\tK\u00e6re alle, Hermed indkaldelse til Generalforsamling, som afholdes den&nbsp;20 november 2025&nbsp;i&#8230;\t\t\t\t\t\t\t<\/div>\n\t\t\t\t\t\t\t\t\t\t\t\t\t\t\t\t\t<\/div>\n\t\t\t\t\n\t\t\t\t        <div class=\"post-footer\">\n            <div class=\"post-footer\">\n                <div class=\"read-more\">\n                    <a data-id=\"67\" href=\"https:\/\/sigmer.dk\/index.php\/2026\/04\/06\/indbydelse\/\" class=\"tpg-post-link\" target=\"_self\">L\u00e6s mere<\/a>                <\/div>\n            <\/div>\n        <\/div>\n        \t\t\t<\/div>\n\n\t\t<\/div>\n\t<\/div>\n<\/div>\n<div class=\"rt-col-md-12 rt-col-sm-12 rt-col-xs-12 default rt-list-item rt-grid-item\" data-id=\"1\">\n\t<div class=\"rt-holder tpg-post-holder \">\n\t\t<div class=\"rt-detail rt-el-content-wrapper\">\n\t\t\t\n\t\t\t<div class=\"post-right-content\">\n\n\t\t\t\t<div class=\"entry-title-wrapper\"><h3 class=\"entry-title\"><a data-id=\"1\" href=\"https:\/\/sigmer.dk\/index.php\/2026\/04\/03\/hej-verden\/\" class=\"tpg-post-link\" target=\"_self\">Hej verden!<\/a><\/h3><\/div>\n\t\t\t\t\t\t\t\t\t<div class=\"post-meta-tags rt-el-post-meta\">\n\t\t\t\t\t\t            <span class='author '>\n\n\t\t\t\t<i class='flaticon-user '><\/i><span class='author-prefix'>By<\/span><a href=\"https:\/\/sigmer.dk\/index.php\/author\/carstensigmer-dk\/\">carsten@sigmer.dk<\/a>\t\t\t<\/span>\n                        <span class='categories-links'>\n\t\t\t\t<i class='flaticon-folder '><\/i><a class=\"ikke-kategoriseret\" href=\"https:\/\/sigmer.dk\/index.php\/category\/ikke-kategoriseret\/\">Ikke-kategoriseret<\/a>\t\t\t<\/span>\n                        <span class='date'>\n\t\t\t\t<i class='flaticon-calendar '><\/i>                                    <a href=\"https:\/\/sigmer.dk\/index.php\/2026\/04\/03\/\">\n\t\t\t\t\t3. april 2026\t\t\t\t<\/a>\n                \t\t\t<\/span>\n            \t\t\t\t\t<\/div>\n\t\t\t\t\n\t\t\t\t\t\t\t\t\t<div class=\"tpg-excerpt tpg-el-excerpt\">\n\t\t\t\t\t\t\t\t\t\t\t\t\t<div class=\"tpg-excerpt-inner\">\n\t\t\t\t\t\t\t\tDette er blot en test&#8230;\t\t\t\t\t\t\t<\/div>\n\t\t\t\t\t\t\t\t\t\t\t\t\t\t\t\t\t<\/div>\n\t\t\t\t\n\t\t\t\t        <div class=\"post-footer\">\n            <div class=\"post-footer\">\n                <div class=\"read-more\">\n                    <a data-id=\"1\" href=\"https:\/\/sigmer.dk\/index.php\/2026\/04\/03\/hej-verden\/\" class=\"tpg-post-link\" target=\"_self\">L\u00e6s mere<\/a>                <\/div>\n            <\/div>\n        <\/div>\n        \t\t\t<\/div>\n\n\t\t<\/div>\n\t<\/div>\n<\/div>\t\t\t\t<\/div>\n\n\t\t\t\t\n\t\t\t<\/div>\n\t\t<\/div>\n\t\t","protected":false},"excerpt":{"rendered":"","protected":false},"author":1,"featured_media":0,"parent":0,"menu_order":0,"comment_status":"closed","ping_status":"closed","template":"page-no-title","meta":{"footnotes":""},"class_list":["post-65","page","type-page","status-publish","hentry"],"rttpg_featured_image_url":null,"rttpg_author":{"display_name":"carsten@sigmer.dk","author_link":"https:\/\/sigmer.dk\/index.php\/author\/carstensigmer-dk\/"},"rttpg_comment":0,"rttpg_category":null,"rttpg_excerpt":null,"_links":{"self":[{"href":"https:\/\/sigmer.dk\/index.php\/wp-json\/wp\/v2\/pages\/65","targetHints":{"allow":["GET"]}}],"collection":[{"href":"https:\/\/sigmer.dk\/index.php\/wp-json\/wp\/v2\/pages"}],"about":[{"href":"https:\/\/sigmer.dk\/index.php\/wp-json\/wp\/v2\/types\/page"}],"author":[{"embeddable":true,"href":"https:\/\/sigmer.dk\/index.php\/wp-json\/wp\/v2\/users\/1"}],"replies":[{"embeddable":true,"href":"https:\/\/sigmer.dk\/index.php\/wp-json\/wp\/v2\/comments?post=65"}],"version-history":[{"count":19,"href":"https:\/\/sigmer.dk\/index.php\/wp-json\/wp\/v2\/pages\/65\/revisions"}],"predecessor-version":[{"id":143,"href":"https:\/\/sigmer.dk\/index.php\/wp-json\/wp\/v2\/pages\/65\/revisions\/143"}],"wp:attachment":[{"href":"https:\/\/sigmer.dk\/index.php\/wp-json\/wp\/v2\/media?parent=65"}],"curies":[{"name":"wp","href":"https:\/\/api.w.org\/{rel}","templated":true}]}}